{"id":987,"date":"2024-04-07T00:33:04","date_gmt":"2024-04-06T17:33:04","guid":{"rendered":"https:\/\/3dhomestudio247.com\/?page_id=987"},"modified":"2024-08-30T21:59:50","modified_gmt":"2024-08-30T14:59:50","slug":"all-service","status":"publish","type":"page","link":"https:\/\/3dhomestudio247.com\/index.php\/all-service\/","title":{"rendered":"All Service"},"content":{"rendered":"\n  \n    <div class=\"row large-columns-4 medium-columns-3 small-columns-1\">\n  \t\t<div class=\"col post-item\" data-animate=\"fadeInLeft\">\n\t\t\t<div class=\"col-inner\">\n\t\t\t<a href=\"https:\/\/3dhomestudio247.com\/index.php\/2024\/04\/09\/elementor-1147\/\" class=\"plain\">\n\t\t\t\t<div class=\"box box-default box-text-bottom box-blog-post has-hover\">\n            \t\t\t\t\t<div class=\"box-image\" >\n  \t\t\t\t\t\t<div class=\"image-overlay-remove-50 image-cover\" style=\"padding-top:75%;\">\n  \t\t\t\t\t\t\t<img loading=\"lazy\" decoding=\"async\" width=\"2560\" height=\"1440\" src=\"https:\/\/3dhomestudio247.com\/wp-content\/uploads\/2024\/05\/us107_1-scaled.jpg\" class=\"attachment-original size-original wp-post-image\" alt=\"\" srcset=\"https:\/\/3dhomestudio247.com\/wp-content\/uploads\/2024\/05\/us107_1-scaled.jpg 2560w, https:\/\/3dhomestudio247.com\/wp-content\/uploads\/2024\/05\/us107_1-300x169.jpg 300w, https:\/\/3dhomestudio247.com\/wp-content\/uploads\/2024\/05\/us107_1-1024x576.jpg 1024w, https:\/\/3dhomestudio247.com\/wp-content\/uploads\/2024\/05\/us107_1-768x432.jpg 768w, https:\/\/3dhomestudio247.com\/wp-content\/uploads\/2024\/05\/us107_1-1536x864.jpg 1536w, https:\/\/3dhomestudio247.com\/wp-content\/uploads\/2024\/05\/us107_1-2048x1152.jpg 2048w, https:\/\/3dhomestudio247.com\/wp-content\/uploads\/2024\/05\/us107_1-600x338.jpg 600w\" sizes=\"auto, (max-width: 2560px) 100vw, 2560px\" \/>  \t\t\t\t\t\t\t  \t\t\t\t\t\t\t  \t\t\t\t\t\t<\/div>\n  \t\t\t\t\t\t  \t\t\t\t\t<\/div>\n          \t\t\t\t\t<div class=\"box-text text-center\" >\n\t\t\t\t\t<div class=\"box-text-inner blog-post-inner\">\n\n\t\t\t\t\t\n\t\t\t\t\t\t\t\t\t\t\t<p class=\"cat-label  is-xxsmall op-7 uppercase\">\n\t\t\t\t\t2D Black and White \t\t\t\t\t<\/p>\n\t\t\t\t\t\t\t\t\t\t<h5 class=\"post-title is-large uppercase\">2D Black and White<\/h5>\n\t\t\t\t\t\t\t\t\t\t<div class=\"is-divider\"><\/div>\n\t\t\t\t\t                    \n\t\t\t\t\t\n\t\t\t\t\t\n\t\t\t\t\t<\/div>\n\t\t\t\t\t<\/div>\n\t\t\t\t\t\t\t\t\t<\/div>\n\t\t\t\t<\/a>\n\t\t\t<\/div>\n\t\t<\/div>\n\t\t<div class=\"col post-item\" data-animate=\"fadeInLeft\">\n\t\t\t<div class=\"col-inner\">\n\t\t\t<a href=\"https:\/\/3dhomestudio247.com\/index.php\/2024\/04\/10\/2d-could\/\" class=\"plain\">\n\t\t\t\t<div class=\"box box-default box-text-bottom box-blog-post has-hover\">\n            \t\t\t\t\t<div class=\"box-image\" >\n  \t\t\t\t\t\t<div class=\"image-overlay-remove-50 image-cover\" style=\"padding-top:75%;\">\n  \t\t\t\t\t\t\t<img loading=\"lazy\" decoding=\"async\" width=\"2560\" height=\"1440\" src=\"https:\/\/3dhomestudio247.com\/wp-content\/uploads\/2024\/05\/A-NGUYEN-1-scaled.jpg\" class=\"attachment-original size-original wp-post-image\" alt=\"\" srcset=\"https:\/\/3dhomestudio247.com\/wp-content\/uploads\/2024\/05\/A-NGUYEN-1-scaled.jpg 2560w, https:\/\/3dhomestudio247.com\/wp-content\/uploads\/2024\/05\/A-NGUYEN-1-300x169.jpg 300w, https:\/\/3dhomestudio247.com\/wp-content\/uploads\/2024\/05\/A-NGUYEN-1-1024x576.jpg 1024w, https:\/\/3dhomestudio247.com\/wp-content\/uploads\/2024\/05\/A-NGUYEN-1-768x432.jpg 768w, https:\/\/3dhomestudio247.com\/wp-content\/uploads\/2024\/05\/A-NGUYEN-1-1536x864.jpg 1536w, https:\/\/3dhomestudio247.com\/wp-content\/uploads\/2024\/05\/A-NGUYEN-1-2048x1152.jpg 2048w, https:\/\/3dhomestudio247.com\/wp-content\/uploads\/2024\/05\/A-NGUYEN-1-600x337.jpg 600w\" sizes=\"auto, (max-width: 2560px) 100vw, 2560px\" \/>  \t\t\t\t\t\t\t  \t\t\t\t\t\t\t  \t\t\t\t\t\t<\/div>\n  \t\t\t\t\t\t  \t\t\t\t\t<\/div>\n          \t\t\t\t\t<div class=\"box-text text-center\" >\n\t\t\t\t\t<div class=\"box-text-inner blog-post-inner\">\n\n\t\t\t\t\t\n\t\t\t\t\t\t\t\t\t\t\t<p class=\"cat-label  is-xxsmall op-7 uppercase\">\n\t\t\t\t\t2D Colored \t\t\t\t\t<\/p>\n\t\t\t\t\t\t\t\t\t\t<h5 class=\"post-title is-large uppercase\">2D Colored<\/h5>\n\t\t\t\t\t\t\t\t\t\t<div class=\"is-divider\"><\/div>\n\t\t\t\t\t                    \n\t\t\t\t\t\n\t\t\t\t\t\n\t\t\t\t\t<\/div>\n\t\t\t\t\t<\/div>\n\t\t\t\t\t\t\t\t\t<\/div>\n\t\t\t\t<\/a>\n\t\t\t<\/div>\n\t\t<\/div>\n\t\t<div class=\"col post-item\" data-animate=\"fadeInLeft\">\n\t\t\t<div class=\"col-inner\">\n\t\t\t<a href=\"https:\/\/3dhomestudio247.com\/index.php\/2024\/04\/09\/elementor-1119\/\" class=\"plain\">\n\t\t\t\t<div class=\"box box-default box-text-bottom box-blog-post has-hover\">\n            \t\t\t\t\t<div class=\"box-image\" >\n  \t\t\t\t\t\t<div class=\"image-overlay-remove-50 image-cover\" style=\"padding-top:75%;\">\n  \t\t\t\t\t\t\t<img loading=\"lazy\" decoding=\"async\" width=\"2560\" height=\"1440\" src=\"https:\/\/3dhomestudio247.com\/wp-content\/uploads\/2024\/05\/a1222-scaled.jpg\" class=\"attachment-original size-original wp-post-image\" alt=\"\" srcset=\"https:\/\/3dhomestudio247.com\/wp-content\/uploads\/2024\/05\/a1222-scaled.jpg 2560w, https:\/\/3dhomestudio247.com\/wp-content\/uploads\/2024\/05\/a1222-300x169.jpg 300w, https:\/\/3dhomestudio247.com\/wp-content\/uploads\/2024\/05\/a1222-1024x576.jpg 1024w, https:\/\/3dhomestudio247.com\/wp-content\/uploads\/2024\/05\/a1222-768x432.jpg 768w, https:\/\/3dhomestudio247.com\/wp-content\/uploads\/2024\/05\/a1222-1536x864.jpg 1536w, https:\/\/3dhomestudio247.com\/wp-content\/uploads\/2024\/05\/a1222-2048x1152.jpg 2048w, https:\/\/3dhomestudio247.com\/wp-content\/uploads\/2024\/05\/a1222-600x338.jpg 600w\" sizes=\"auto, (max-width: 2560px) 100vw, 2560px\" \/>  \t\t\t\t\t\t\t  \t\t\t\t\t\t\t  \t\t\t\t\t\t<\/div>\n  \t\t\t\t\t\t  \t\t\t\t\t<\/div>\n          \t\t\t\t\t<div class=\"box-text text-center\" >\n\t\t\t\t\t<div class=\"box-text-inner blog-post-inner\">\n\n\t\t\t\t\t\n\t\t\t\t\t\t\t\t\t\t\t<p class=\"cat-label  is-xxsmall op-7 uppercase\">\n\t\t\t\t\tAll Service \t\t\t\t\t<\/p>\n\t\t\t\t\t\t\t\t\t\t<h5 class=\"post-title is-large uppercase\">2D Texture<\/h5>\n\t\t\t\t\t\t\t\t\t\t<div class=\"is-divider\"><\/div>\n\t\t\t\t\t                    \n\t\t\t\t\t\n\t\t\t\t\t\n\t\t\t\t\t<\/div>\n\t\t\t\t\t<\/div>\n\t\t\t\t\t\t\t\t\t<\/div>\n\t\t\t\t<\/a>\n\t\t\t<\/div>\n\t\t<\/div>\n\t\t<div class=\"col post-item\" data-animate=\"fadeInLeft\">\n\t\t\t<div class=\"col-inner\">\n\t\t\t<a href=\"https:\/\/3dhomestudio247.com\/index.php\/2024\/04\/13\/visualize-your-property-create-3d-floor-plans-with-soft3ds\/\" class=\"plain\">\n\t\t\t\t<div class=\"box box-default box-text-bottom box-blog-post has-hover\">\n            \t\t\t\t\t<div class=\"box-image\" >\n  \t\t\t\t\t\t<div class=\"image-overlay-remove-50 image-cover\" style=\"padding-top:75%;\">\n  \t\t\t\t\t\t\t<img loading=\"lazy\" decoding=\"async\" width=\"3000\" height=\"2000\" src=\"https:\/\/3dhomestudio247.com\/wp-content\/uploads\/2024\/08\/4.png\" class=\"attachment-original size-original wp-post-image\" alt=\"\" srcset=\"https:\/\/3dhomestudio247.com\/wp-content\/uploads\/2024\/08\/4.png 3000w, https:\/\/3dhomestudio247.com\/wp-content\/uploads\/2024\/08\/4-300x200.png 300w, https:\/\/3dhomestudio247.com\/wp-content\/uploads\/2024\/08\/4-1024x683.png 1024w, https:\/\/3dhomestudio247.com\/wp-content\/uploads\/2024\/08\/4-768x512.png 768w, https:\/\/3dhomestudio247.com\/wp-content\/uploads\/2024\/08\/4-1536x1024.png 1536w, https:\/\/3dhomestudio247.com\/wp-content\/uploads\/2024\/08\/4-2048x1365.png 2048w, https:\/\/3dhomestudio247.com\/wp-content\/uploads\/2024\/08\/4-600x400.png 600w\" sizes=\"auto, (max-width: 3000px) 100vw, 3000px\" \/>  \t\t\t\t\t\t\t  \t\t\t\t\t\t\t  \t\t\t\t\t\t<\/div>\n  \t\t\t\t\t\t  \t\t\t\t\t<\/div>\n          \t\t\t\t\t<div class=\"box-text text-center\" >\n\t\t\t\t\t<div class=\"box-text-inner blog-post-inner\">\n\n\t\t\t\t\t\n\t\t\t\t\t\t\t\t\t\t\t<p class=\"cat-label  is-xxsmall op-7 uppercase\">\n\t\t\t\t\t3D Floor Plan \t\t\t\t\t<\/p>\n\t\t\t\t\t\t\t\t\t\t<h5 class=\"post-title is-large uppercase\">3D Floor Plans<\/h5>\n\t\t\t\t\t\t\t\t\t\t<div class=\"is-divider\"><\/div>\n\t\t\t\t\t                    \n\t\t\t\t\t\n\t\t\t\t\t\n\t\t\t\t\t<\/div>\n\t\t\t\t\t<\/div>\n\t\t\t\t\t\t\t\t\t<\/div>\n\t\t\t\t<\/a>\n\t\t\t<\/div>\n\t\t<\/div>\n\t\t<div class=\"col post-item\" data-animate=\"fadeInLeft\">\n\t\t\t<div class=\"col-inner\">\n\t\t\t<a href=\"https:\/\/3dhomestudio247.com\/index.php\/2024\/08\/11\/3d-visualization\/\" class=\"plain\">\n\t\t\t\t<div class=\"box box-default box-text-bottom box-blog-post has-hover\">\n            \t\t\t\t\t<div class=\"box-image\" >\n  \t\t\t\t\t\t<div class=\"image-overlay-remove-50 image-cover\" style=\"padding-top:75%;\">\n  \t\t\t\t\t\t\t<img loading=\"lazy\" decoding=\"async\" width=\"2138\" height=\"713\" src=\"https:\/\/3dhomestudio247.com\/wp-content\/uploads\/2024\/08\/1-2.jpg\" class=\"attachment-original size-original wp-post-image\" alt=\"\" srcset=\"https:\/\/3dhomestudio247.com\/wp-content\/uploads\/2024\/08\/1-2.jpg 2138w, https:\/\/3dhomestudio247.com\/wp-content\/uploads\/2024\/08\/1-2-300x100.jpg 300w, https:\/\/3dhomestudio247.com\/wp-content\/uploads\/2024\/08\/1-2-1024x341.jpg 1024w, https:\/\/3dhomestudio247.com\/wp-content\/uploads\/2024\/08\/1-2-768x256.jpg 768w, https:\/\/3dhomestudio247.com\/wp-content\/uploads\/2024\/08\/1-2-1536x512.jpg 1536w, https:\/\/3dhomestudio247.com\/wp-content\/uploads\/2024\/08\/1-2-2048x683.jpg 2048w, https:\/\/3dhomestudio247.com\/wp-content\/uploads\/2024\/08\/1-2-600x200.jpg 600w\" sizes=\"auto, (max-width: 2138px) 100vw, 2138px\" \/>  \t\t\t\t\t\t\t  \t\t\t\t\t\t\t  \t\t\t\t\t\t<\/div>\n  \t\t\t\t\t\t  \t\t\t\t\t<\/div>\n          \t\t\t\t\t<div class=\"box-text text-center\" >\n\t\t\t\t\t<div class=\"box-text-inner blog-post-inner\">\n\n\t\t\t\t\t\n\t\t\t\t\t\t\t\t\t\t\t<p class=\"cat-label  is-xxsmall op-7 uppercase\">\n\t\t\t\t\t3D Visualization \t\t\t\t\t<\/p>\n\t\t\t\t\t\t\t\t\t\t<h5 class=\"post-title is-large uppercase\">3D Visualization<\/h5>\n\t\t\t\t\t\t\t\t\t\t<div class=\"is-divider\"><\/div>\n\t\t\t\t\t                    \n\t\t\t\t\t\n\t\t\t\t\t\n\t\t\t\t\t<\/div>\n\t\t\t\t\t<\/div>\n\t\t\t\t\t\t\t\t\t<\/div>\n\t\t\t\t<\/a>\n\t\t\t<\/div>\n\t\t<\/div>\n\t\t<div class=\"col post-item\" data-animate=\"fadeInLeft\">\n\t\t\t<div class=\"col-inner\">\n\t\t\t<a href=\"https:\/\/3dhomestudio247.com\/index.php\/2024\/04\/20\/virtual-dusk\/\" class=\"plain\">\n\t\t\t\t<div class=\"box box-default box-text-bottom box-blog-post has-hover\">\n            \t\t\t\t\t<div class=\"box-image\" >\n  \t\t\t\t\t\t<div class=\"image-overlay-remove-50 image-cover\" style=\"padding-top:75%;\">\n  \t\t\t\t\t\t\t<img loading=\"lazy\" decoding=\"async\" width=\"1200\" height=\"600\" src=\"https:\/\/3dhomestudio247.com\/wp-content\/uploads\/2024\/04\/1-6.jpg\" class=\"attachment-original size-original wp-post-image\" alt=\"\" srcset=\"https:\/\/3dhomestudio247.com\/wp-content\/uploads\/2024\/04\/1-6.jpg 1200w, https:\/\/3dhomestudio247.com\/wp-content\/uploads\/2024\/04\/1-6-300x150.jpg 300w, https:\/\/3dhomestudio247.com\/wp-content\/uploads\/2024\/04\/1-6-1024x512.jpg 1024w, https:\/\/3dhomestudio247.com\/wp-content\/uploads\/2024\/04\/1-6-768x384.jpg 768w, https:\/\/3dhomestudio247.com\/wp-content\/uploads\/2024\/04\/1-6-600x300.jpg 600w\" sizes=\"auto, (max-width: 1200px) 100vw, 1200px\" \/>  \t\t\t\t\t\t\t  \t\t\t\t\t\t\t  \t\t\t\t\t\t<\/div>\n  \t\t\t\t\t\t  \t\t\t\t\t<\/div>\n          \t\t\t\t\t<div class=\"box-text text-center\" >\n\t\t\t\t\t<div class=\"box-text-inner blog-post-inner\">\n\n\t\t\t\t\t\n\t\t\t\t\t\t\t\t\t\t\t<p class=\"cat-label  is-xxsmall op-7 uppercase\">\n\t\t\t\t\tAll Service \t\t\t\t\t<\/p>\n\t\t\t\t\t\t\t\t\t\t<h5 class=\"post-title is-large uppercase\">Virtual Dusk<\/h5>\n\t\t\t\t\t\t\t\t\t\t<div class=\"is-divider\"><\/div>\n\t\t\t\t\t                    \n\t\t\t\t\t\n\t\t\t\t\t\n\t\t\t\t\t<\/div>\n\t\t\t\t\t<\/div>\n\t\t\t\t\t\t\t\t\t<\/div>\n\t\t\t\t<\/a>\n\t\t\t<\/div>\n\t\t<\/div>\n\t\t<div class=\"col post-item\" data-animate=\"fadeInLeft\">\n\t\t\t<div class=\"col-inner\">\n\t\t\t<a href=\"https:\/\/3dhomestudio247.com\/index.php\/2024\/04\/19\/photo-editting\/\" class=\"plain\">\n\t\t\t\t<div class=\"box box-default box-text-bottom box-blog-post has-hover\">\n            \t\t\t\t\t<div class=\"box-image\" >\n  \t\t\t\t\t\t<div class=\"image-overlay-remove-50 image-cover\" style=\"padding-top:75%;\">\n  \t\t\t\t\t\t\t<img loading=\"lazy\" decoding=\"async\" width=\"1200\" height=\"600\" src=\"https:\/\/3dhomestudio247.com\/wp-content\/uploads\/2024\/04\/2-2.jpg\" class=\"attachment-original size-original wp-post-image\" alt=\"\" srcset=\"https:\/\/3dhomestudio247.com\/wp-content\/uploads\/2024\/04\/2-2.jpg 1200w, https:\/\/3dhomestudio247.com\/wp-content\/uploads\/2024\/04\/2-2-300x150.jpg 300w, https:\/\/3dhomestudio247.com\/wp-content\/uploads\/2024\/04\/2-2-1024x512.jpg 1024w, https:\/\/3dhomestudio247.com\/wp-content\/uploads\/2024\/04\/2-2-768x384.jpg 768w, https:\/\/3dhomestudio247.com\/wp-content\/uploads\/2024\/04\/2-2-600x300.jpg 600w\" sizes=\"auto, (max-width: 1200px) 100vw, 1200px\" \/>  \t\t\t\t\t\t\t  \t\t\t\t\t\t\t  \t\t\t\t\t\t<\/div>\n  \t\t\t\t\t\t  \t\t\t\t\t<\/div>\n          \t\t\t\t\t<div class=\"box-text text-center\" >\n\t\t\t\t\t<div class=\"box-text-inner blog-post-inner\">\n\n\t\t\t\t\t\n\t\t\t\t\t\t\t\t\t\t\t<p class=\"cat-label  is-xxsmall op-7 uppercase\">\n\t\t\t\t\tAll Service \t\t\t\t\t<\/p>\n\t\t\t\t\t\t\t\t\t\t<h5 class=\"post-title is-large uppercase\">Photo Editing<\/h5>\n\t\t\t\t\t\t\t\t\t\t<div class=\"is-divider\"><\/div>\n\t\t\t\t\t                    \n\t\t\t\t\t\n\t\t\t\t\t\n\t\t\t\t\t<\/div>\n\t\t\t\t\t<\/div>\n\t\t\t\t\t\t\t\t\t<\/div>\n\t\t\t\t<\/a>\n\t\t\t<\/div>\n\t\t<\/div>\n\t\t<div class=\"col post-item\" data-animate=\"fadeInLeft\">\n\t\t\t<div class=\"col-inner\">\n\t\t\t<a href=\"https:\/\/3dhomestudio247.com\/index.php\/2024\/04\/20\/removed-items\/\" class=\"plain\">\n\t\t\t\t<div class=\"box box-default box-text-bottom box-blog-post has-hover\">\n            \t\t\t\t\t<div class=\"box-image\" >\n  \t\t\t\t\t\t<div class=\"image-overlay-remove-50 image-cover\" style=\"padding-top:75%;\">\n  \t\t\t\t\t\t\t<img loading=\"lazy\" decoding=\"async\" width=\"1200\" height=\"600\" src=\"https:\/\/3dhomestudio247.com\/wp-content\/uploads\/2024\/04\/4-2.jpg\" class=\"attachment-original size-original wp-post-image\" alt=\"\" srcset=\"https:\/\/3dhomestudio247.com\/wp-content\/uploads\/2024\/04\/4-2.jpg 1200w, https:\/\/3dhomestudio247.com\/wp-content\/uploads\/2024\/04\/4-2-300x150.jpg 300w, https:\/\/3dhomestudio247.com\/wp-content\/uploads\/2024\/04\/4-2-1024x512.jpg 1024w, https:\/\/3dhomestudio247.com\/wp-content\/uploads\/2024\/04\/4-2-768x384.jpg 768w, https:\/\/3dhomestudio247.com\/wp-content\/uploads\/2024\/04\/4-2-600x300.jpg 600w\" sizes=\"auto, (max-width: 1200px) 100vw, 1200px\" \/>  \t\t\t\t\t\t\t  \t\t\t\t\t\t\t  \t\t\t\t\t\t<\/div>\n  \t\t\t\t\t\t  \t\t\t\t\t<\/div>\n          \t\t\t\t\t<div class=\"box-text text-center\" >\n\t\t\t\t\t<div class=\"box-text-inner blog-post-inner\">\n\n\t\t\t\t\t\n\t\t\t\t\t\t\t\t\t\t\t<p class=\"cat-label  is-xxsmall op-7 uppercase\">\n\t\t\t\t\tAll Service \t\t\t\t\t<\/p>\n\t\t\t\t\t\t\t\t\t\t<h5 class=\"post-title is-large uppercase\">Removed Items<\/h5>\n\t\t\t\t\t\t\t\t\t\t<div class=\"is-divider\"><\/div>\n\t\t\t\t\t                    \n\t\t\t\t\t\n\t\t\t\t\t\n\t\t\t\t\t<\/div>\n\t\t\t\t\t<\/div>\n\t\t\t\t\t\t\t\t\t<\/div>\n\t\t\t\t<\/a>\n\t\t\t<\/div>\n\t\t<\/div>\n\t\t<div class=\"col post-item\" data-animate=\"fadeInLeft\">\n\t\t\t<div class=\"col-inner\">\n\t\t\t<a href=\"https:\/\/3dhomestudio247.com\/index.php\/2024\/08\/18\/virtual-staging\/\" class=\"plain\">\n\t\t\t\t<div class=\"box box-default box-text-bottom box-blog-post has-hover\">\n            \t\t\t\t\t<div class=\"box-image\" >\n  \t\t\t\t\t\t<div class=\"image-overlay-remove-50 image-cover\" style=\"padding-top:75%;\">\n  \t\t\t\t\t\t\t<img loading=\"lazy\" decoding=\"async\" width=\"2560\" height=\"854\" src=\"https:\/\/3dhomestudio247.com\/wp-content\/uploads\/2024\/08\/2-scaled.jpg\" class=\"attachment-original size-original wp-post-image\" alt=\"\" srcset=\"https:\/\/3dhomestudio247.com\/wp-content\/uploads\/2024\/08\/2-scaled.jpg 2560w, https:\/\/3dhomestudio247.com\/wp-content\/uploads\/2024\/08\/2-300x100.jpg 300w, https:\/\/3dhomestudio247.com\/wp-content\/uploads\/2024\/08\/2-1024x341.jpg 1024w, https:\/\/3dhomestudio247.com\/wp-content\/uploads\/2024\/08\/2-768x256.jpg 768w, https:\/\/3dhomestudio247.com\/wp-content\/uploads\/2024\/08\/2-1536x512.jpg 1536w, https:\/\/3dhomestudio247.com\/wp-content\/uploads\/2024\/08\/2-2048x683.jpg 2048w, https:\/\/3dhomestudio247.com\/wp-content\/uploads\/2024\/08\/2-600x200.jpg 600w\" sizes=\"auto, (max-width: 2560px) 100vw, 2560px\" \/>  \t\t\t\t\t\t\t  \t\t\t\t\t\t\t  \t\t\t\t\t\t<\/div>\n  \t\t\t\t\t\t  \t\t\t\t\t<\/div>\n          \t\t\t\t\t<div class=\"box-text text-center\" >\n\t\t\t\t\t<div class=\"box-text-inner blog-post-inner\">\n\n\t\t\t\t\t\n\t\t\t\t\t\t\t\t\t\t\t<p class=\"cat-label  is-xxsmall op-7 uppercase\">\n\t\t\t\t\tAll Service \t\t\t\t\t<\/p>\n\t\t\t\t\t\t\t\t\t\t<h5 class=\"post-title is-large uppercase\">Virtual Staging<\/h5>\n\t\t\t\t\t\t\t\t\t\t<div class=\"is-divider\"><\/div>\n\t\t\t\t\t                    \n\t\t\t\t\t\n\t\t\t\t\t\n\t\t\t\t\t<\/div>\n\t\t\t\t\t<\/div>\n\t\t\t\t\t\t\t\t\t<\/div>\n\t\t\t\t<\/a>\n\t\t\t<\/div>\n\t\t<\/div>\n\t\t<div class=\"col post-item\" data-animate=\"fadeInLeft\">\n\t\t\t<div class=\"col-inner\">\n\t\t\t<a href=\"https:\/\/3dhomestudio247.com\/index.php\/2024\/08\/30\/virtual-renovations\/\" class=\"plain\">\n\t\t\t\t<div class=\"box box-default box-text-bottom box-blog-post has-hover\">\n            \t\t\t\t\t<div class=\"box-image\" >\n  \t\t\t\t\t\t<div class=\"image-overlay-remove-50 image-cover\" style=\"padding-top:75%;\">\n  \t\t\t\t\t\t\t<img loading=\"lazy\" decoding=\"async\" width=\"1388\" height=\"462\" src=\"https:\/\/3dhomestudio247.com\/wp-content\/uploads\/2024\/08\/3-1.jpg\" class=\"attachment-original size-original wp-post-image\" alt=\"\" srcset=\"https:\/\/3dhomestudio247.com\/wp-content\/uploads\/2024\/08\/3-1.jpg 1388w, https:\/\/3dhomestudio247.com\/wp-content\/uploads\/2024\/08\/3-1-300x100.jpg 300w, https:\/\/3dhomestudio247.com\/wp-content\/uploads\/2024\/08\/3-1-1024x341.jpg 1024w, https:\/\/3dhomestudio247.com\/wp-content\/uploads\/2024\/08\/3-1-768x256.jpg 768w, https:\/\/3dhomestudio247.com\/wp-content\/uploads\/2024\/08\/3-1-600x200.jpg 600w\" sizes=\"auto, (max-width: 1388px) 100vw, 1388px\" \/>  \t\t\t\t\t\t\t  \t\t\t\t\t\t\t  \t\t\t\t\t\t<\/div>\n  \t\t\t\t\t\t  \t\t\t\t\t<\/div>\n          \t\t\t\t\t<div class=\"box-text text-center\" >\n\t\t\t\t\t<div class=\"box-text-inner blog-post-inner\">\n\n\t\t\t\t\t\n\t\t\t\t\t\t\t\t\t\t\t<p class=\"cat-label  is-xxsmall op-7 uppercase\">\n\t\t\t\t\tAll Service \t\t\t\t\t<\/p>\n\t\t\t\t\t\t\t\t\t\t<h5 class=\"post-title is-large uppercase\">Virtual Renovations<\/h5>\n\t\t\t\t\t\t\t\t\t\t<div class=\"is-divider\"><\/div>\n\t\t\t\t\t                    \n\t\t\t\t\t\n\t\t\t\t\t\n\t\t\t\t\t<\/div>\n\t\t\t\t\t<\/div>\n\t\t\t\t\t\t\t\t\t<\/div>\n\t\t\t\t<\/a>\n\t\t\t<\/div>\n\t\t<\/div>\n<\/div>\n\n<div class=\"wpcf7 no-js\" id=\"wpcf7-f1797-o1\" lang=\"vi\" dir=\"ltr\">\n<div class=\"screen-reader-response\"><p role=\"status\" aria-live=\"polite\" aria-atomic=\"true\"><\/p> <ul><\/ul><\/div>\n<form action=\"\/index.php\/wp-json\/wp\/v2\/pages\/987#wpcf7-f1797-o1\" method=\"post\" class=\"wpcf7-form init\" aria-label=\"Form li\u00ean h\u1ec7\" enctype=\"multipart\/form-data\" novalidate=\"novalidate\" data-status=\"init\">\n<div style=\"display: none;\">\n<input type=\"hidden\" name=\"_wpcf7\" value=\"1797\" \/>\n<input type=\"hidden\" name=\"_wpcf7_version\" value=\"5.9.8\" \/>\n<input type=\"hidden\" name=\"_wpcf7_locale\" value=\"vi\" \/>\n<input type=\"hidden\" name=\"_wpcf7_unit_tag\" value=\"wpcf7-f1797-o1\" \/>\n<input type=\"hidden\" name=\"_wpcf7_container_post\" value=\"0\" \/>\n<input type=\"hidden\" name=\"_wpcf7_posted_data_hash\" value=\"\" \/>\n<\/div>\n<p><span class=\"wpcf7-form-control-wrap\" data-name=\"text-624\"><input size=\"40\" maxlength=\"400\" class=\"wpcf7-form-control wpcf7-text wpcf7-validates-as-required\" aria-required=\"true\" aria-invalid=\"false\" placeholder=\"Your Name\" value=\"\" type=\"text\" name=\"text-624\" \/><\/span><br \/>\n<span class=\"wpcf7-form-control-wrap\" data-name=\"email-726\"><input size=\"40\" maxlength=\"400\" class=\"wpcf7-form-control wpcf7-email wpcf7-validates-as-required wpcf7-text wpcf7-validates-as-email\" aria-required=\"true\" aria-invalid=\"false\" placeholder=\"Your Email\" value=\"\" type=\"email\" name=\"email-726\" \/><\/span><br \/>\n<span class=\"wpcf7-form-control-wrap\" data-name=\"tel-206\"><input size=\"40\" maxlength=\"400\" class=\"wpcf7-form-control wpcf7-tel wpcf7-text wpcf7-validates-as-tel\" aria-invalid=\"false\" placeholder=\"Phone Number\" value=\"\" type=\"tel\" name=\"tel-206\" \/><\/span><br \/>\nProduct selection<span class=\"wpcf7-form-control-wrap\" data-name=\"radio-987\"><span class=\"wpcf7-form-control wpcf7-radio\"><span class=\"wpcf7-list-item first\"><label><span class=\"wpcf7-list-item-label\">2D Black and White<\/span><input type=\"radio\" name=\"radio-987\" value=\"2D Black and White\" checked=\"checked\" \/><\/label><\/span><span class=\"wpcf7-list-item\"><label><span class=\"wpcf7-list-item-label\">2D Colored<\/span><input type=\"radio\" name=\"radio-987\" value=\"2D Colored\" \/><\/label><\/span><span class=\"wpcf7-list-item\"><label><span class=\"wpcf7-list-item-label\">2D Texture<\/span><input type=\"radio\" name=\"radio-987\" value=\"2D Texture\" \/><\/label><\/span><span class=\"wpcf7-list-item\"><label><span class=\"wpcf7-list-item-label\">3D Floor Plans<\/span><input type=\"radio\" name=\"radio-987\" value=\"3D Floor Plans\" \/><\/label><\/span><span class=\"wpcf7-list-item\"><label><span class=\"wpcf7-list-item-label\">Virtual Home Staging<\/span><input type=\"radio\" name=\"radio-987\" value=\"Virtual Home Staging\" \/><\/label><\/span><span class=\"wpcf7-list-item\"><label><span class=\"wpcf7-list-item-label\">Virtual Commercial<\/span><input type=\"radio\" name=\"radio-987\" value=\"Virtual Commercial\" \/><\/label><\/span><span class=\"wpcf7-list-item\"><label><span class=\"wpcf7-list-item-label\">Virtual Renovation<\/span><input type=\"radio\" name=\"radio-987\" value=\"Virtual Renovation\" \/><\/label><\/span><span class=\"wpcf7-list-item\"><label><span class=\"wpcf7-list-item-label\">Virtual 360<\/span><input type=\"radio\" name=\"radio-987\" value=\"Virtual 360\" \/><\/label><\/span><span class=\"wpcf7-list-item\"><label><span class=\"wpcf7-list-item-label\">Photo Editing<\/span><input type=\"radio\" name=\"radio-987\" value=\"Photo Editing\" \/><\/label><\/span><span class=\"wpcf7-list-item\"><label><span class=\"wpcf7-list-item-label\">Virtual Dusk<\/span><input type=\"radio\" name=\"radio-987\" value=\"Virtual Dusk\" \/><\/label><\/span><span class=\"wpcf7-list-item last\"><label><span class=\"wpcf7-list-item-label\">Removed Items<\/span><input type=\"radio\" name=\"radio-987\" value=\"Removed Items\" \/><\/label><\/span><\/span><\/span><br \/>\n<label>Please paste the upload link to google drive, dropbox...:<\/label><br \/>\n<span class=\"wpcf7-form-control-wrap\" data-name=\"your-message\"><textarea cols=\"40\" rows=\"10\" maxlength=\"2000\" class=\"wpcf7-form-control wpcf7-textarea\" aria-invalid=\"false\" placeholder=\"Write your note or message here...\" name=\"your-message\"><\/textarea><\/span><br \/>\n<label>\u0110\u00ednh k\u00e8m file (jpg, png, pdf):<\/label><br \/>\n<span class=\"wpcf7-form-control-wrap\" data-name=\"your-file\"><input size=\"40\" class=\"wpcf7-form-control wpcf7-file\" accept=\".jpg,.jpeg,.png,.pdf\" aria-invalid=\"false\" type=\"file\" name=\"your-file\" \/><\/span><br \/>\n<input class=\"wpcf7-form-control wpcf7-submit has-spinner\" type=\"submit\" value=\"SEND\" \/>\n<\/p><div class=\"wpcf7-response-output\" aria-hidden=\"true\"><\/div>\n<\/form>\n<\/div>\n\n","protected":false},"excerpt":{"rendered":"","protected":false},"author":1,"featured_media":0,"parent":0,"menu_order":0,"comment_status":"closed","ping_status":"closed","template":"","meta":{"footnotes":""},"class_list":["post-987","page","type-page","status-publish","hentry"],"_links":{"self":[{"href":"https:\/\/3dhomestudio247.com\/index.php\/wp-json\/wp\/v2\/pages\/987","targetHints":{"allow":["GET"]}}],"collection":[{"href":"https:\/\/3dhomestudio247.com\/index.php\/wp-json\/wp\/v2\/pages"}],"about":[{"href":"https:\/\/3dhomestudio247.com\/index.php\/wp-json\/wp\/v2\/types\/page"}],"author":[{"embeddable":true,"href":"https:\/\/3dhomestudio247.com\/index.php\/wp-json\/wp\/v2\/users\/1"}],"replies":[{"embeddable":true,"href":"https:\/\/3dhomestudio247.com\/index.php\/wp-json\/wp\/v2\/comments?post=987"}],"version-history":[{"count":17,"href":"https:\/\/3dhomestudio247.com\/index.php\/wp-json\/wp\/v2\/pages\/987\/revisions"}],"predecessor-version":[{"id":2149,"href":"https:\/\/3dhomestudio247.com\/index.php\/wp-json\/wp\/v2\/pages\/987\/revisions\/2149"}],"wp:attachment":[{"href":"https:\/\/3dhomestudio247.com\/index.php\/wp-json\/wp\/v2\/media?parent=987"}],"curies":[{"name":"wp","href":"https:\/\/api.w.org\/{rel}","templated":true}]}}